{"id":1206,"date":"2018-10-30T12:20:08","date_gmt":"2018-10-30T10:20:08","guid":{"rendered":"http:\/\/xavierdols.com\/bio\/"},"modified":"2018-11-22T14:22:08","modified_gmt":"2018-11-22T12:22:08","slug":"bio","status":"publish","type":"page","link":"https:\/\/xavierdols.com\/ca\/bio\/","title":{"rendered":"Bio"},"content":{"rendered":"<div class=\"wpb-content-wrapper\"><p>[vc_row type=&#8221;boxed&#8221;][vc_column width=&#8221;5\/6&#8243; offset=&#8221;vc_col-sm-offset-1&#8243;][vc_empty_space height=&#8221;47px&#8221;][vc_column_text]<\/p>\n<h2>Bio<\/h2>\n<p>[\/vc_column_text][\/vc_column][\/vc_row][vc_row type=&#8221;boxed&#8221; max_width=&#8221;350&#8243;][vc_column][vc_empty_space height=&#8221;43px&#8221;]\r\n\t\t\t<div class=\"nm-banner content-full image-type-fluid has-alt-image text-color-dark subtitle-below\" style=\"\"><img loading=\"lazy\" decoding=\"async\" src=\"https:\/\/xavierdols.com\/wp-content\/uploads\/2018\/11\/bio@1x.png\" width=\"678\" height=\"678\" alt=\"bio@1x\" \/><img loading=\"lazy\" decoding=\"async\" src=\"https:\/\/xavierdols.com\/wp-content\/uploads\/2018\/11\/bio@1x.png\" class=\"nm-banner-alt-image img\" width=\"678\" height=\"678\" alt=\"bio@1x\" \/>\r\n\t\t\t<\/div>[vc_empty_space height=&#8221;47px&#8221;][\/vc_column][\/vc_row][vc_row type=&#8221;boxed&#8221;][vc_column width=&#8221;5\/6&#8243; offset=&#8221;vc_col-sm-offset-1&#8243;][vc_column_text]Hola, s\u00f3c Xavier Dols, la meva traject\u00f2ria art\u00edstica va comen\u00e7ar a la meva infantesa, quan vaig descobrir que el m\u00f3n de les formes era un m\u00f3n de llenguatge universal, i que els volums permeten transmetre idees i emocions.[\/vc_column_text][\/vc_column][\/vc_row][vc_row][vc_column][vc_empty_space height=&#8221;60px&#8221;][\/vc_column][\/vc_row]<\/p>\n<\/div>","protected":false},"excerpt":{"rendered":"<p>[vc_row type=&#8221;boxed&#8221;][vc_column width=&#8221;5\/6&#8243; offset=&#8221;vc_col-sm-offset-1&#8243;][vc_empty_space height=&#8221;47px&#8221;][vc_column_text] Bio [\/vc_column_text][\/vc_column][\/vc_row][vc_row type=&#8221;boxed&#8221; max_width=&#8221;350&#8243;][vc_column][vc_empty_space height=&#8221;43px&#8221;][vc_empty_space height=&#8221;47px&#8221;][\/vc_column][\/vc_row][vc_row type=&#8221;boxed&#8221;][vc_column width=&#8221;5\/6&#8243; offset=&#8221;vc_col-sm-offset-1&#8243;][vc_column_text]Hola, s\u00f3c Xavier Dols, la meva traject\u00f2ria art\u00edstica va comen\u00e7ar a la meva infantesa, quan vaig descobrir que el m\u00f3n de les formes era un m\u00f3n de llenguatge universal, i que els volums permeten transmetre idees i emocions.[\/vc_column_text][\/vc_column][\/vc_row][vc_row][vc_column][vc_empty_space height=&#8221;60px&#8221;][\/vc_column][\/vc_row]<\/p>\n","protected":false},"author":1,"featured_media":0,"parent":0,"menu_order":0,"comment_status":"closed","ping_status":"closed","template":"","meta":{"footnotes":""},"class_list":["post-1206","page","type-page","status-publish","hentry"],"yoast_head":"<!-- This site is optimized with the Yoast SEO plugin v27.5 - https:\/\/yoast.com\/product\/yoast-seo-wordpress\/ -->\n<title>Bio - Xavier Dols<\/title>\n<meta name=\"robots\" content=\"index, follow, max-snippet:-1, max-image-preview:large, max-video-preview:-1\" \/>\n<link rel=\"canonical\" href=\"https:\/\/xavierdols.com\/ca\/bio\/\" \/>\n<meta property=\"og:locale\" content=\"ca_ES\" \/>\n<meta property=\"og:type\" content=\"article\" \/>\n<meta property=\"og:title\" content=\"Bio - Xavier Dols\" \/>\n<meta property=\"og:description\" content=\"[vc_row type=&#8221;boxed&#8221;][vc_column width=&#8221;5\/6&#8243; offset=&#8221;vc_col-sm-offset-1&#8243;][vc_empty_space height=&#8221;47px&#8221;][vc_column_text] Bio [\/vc_column_text][\/vc_column][\/vc_row][vc_row type=&#8221;boxed&#8221; max_width=&#8221;350&#8243;][vc_column][vc_empty_space height=&#8221;43px&#8221;][vc_empty_space height=&#8221;47px&#8221;][\/vc_column][\/vc_row][vc_row type=&#8221;boxed&#8221;][vc_column width=&#8221;5\/6&#8243; offset=&#8221;vc_col-sm-offset-1&#8243;][vc_column_text]Hola, s\u00f3c Xavier Dols, la meva traject\u00f2ria art\u00edstica va comen\u00e7ar a la meva infantesa, quan vaig descobrir que el m\u00f3n de les formes era un m\u00f3n de llenguatge universal, i que els volums permeten transmetre idees i emocions.[\/vc_column_text][\/vc_column][\/vc_row][vc_row][vc_column][vc_empty_space height=&#8221;60px&#8221;][\/vc_column][\/vc_row]\" \/>\n<meta property=\"og:url\" content=\"https:\/\/xavierdols.com\/ca\/bio\/\" \/>\n<meta property=\"og:site_name\" content=\"Xavier Dols\" \/>\n<meta property=\"article:modified_time\" content=\"2018-11-22T12:22:08+00:00\" \/>\n<meta name=\"twitter:card\" content=\"summary_large_image\" \/>\n<meta name=\"twitter:label1\" content=\"Temps estimat de lectura\" \/>\n\t<meta name=\"twitter:data1\" content=\"1 minut\" \/>\n<script type=\"application\/ld+json\" class=\"yoast-schema-graph\">{\"@context\":\"https:\\\/\\\/schema.org\",\"@graph\":[{\"@type\":\"WebPage\",\"@id\":\"https:\\\/\\\/xavierdols.com\\\/ca\\\/bio\\\/\",\"url\":\"https:\\\/\\\/xavierdols.com\\\/ca\\\/bio\\\/\",\"name\":\"Bio - Xavier Dols\",\"isPartOf\":{\"@id\":\"https:\\\/\\\/xavierdols.com\\\/ca\\\/#website\"},\"datePublished\":\"2018-10-30T10:20:08+00:00\",\"dateModified\":\"2018-11-22T12:22:08+00:00\",\"breadcrumb\":{\"@id\":\"https:\\\/\\\/xavierdols.com\\\/ca\\\/bio\\\/#breadcrumb\"},\"inLanguage\":\"ca\",\"potentialAction\":[{\"@type\":\"ReadAction\",\"target\":[\"https:\\\/\\\/xavierdols.com\\\/ca\\\/bio\\\/\"]}]},{\"@type\":\"BreadcrumbList\",\"@id\":\"https:\\\/\\\/xavierdols.com\\\/ca\\\/bio\\\/#breadcrumb\",\"itemListElement\":[{\"@type\":\"ListItem\",\"position\":1,\"name\":\"Portada\",\"item\":\"https:\\\/\\\/xavierdols.com\\\/ca\\\/\"},{\"@type\":\"ListItem\",\"position\":2,\"name\":\"Bio\"}]},{\"@type\":\"WebSite\",\"@id\":\"https:\\\/\\\/xavierdols.com\\\/ca\\\/#website\",\"url\":\"https:\\\/\\\/xavierdols.com\\\/ca\\\/\",\"name\":\"Xavier Dols\",\"description\":\"Sculpture  STL Files  3D Printing\",\"potentialAction\":[{\"@type\":\"SearchAction\",\"target\":{\"@type\":\"EntryPoint\",\"urlTemplate\":\"https:\\\/\\\/xavierdols.com\\\/ca\\\/?s={search_term_string}\"},\"query-input\":{\"@type\":\"PropertyValueSpecification\",\"valueRequired\":true,\"valueName\":\"search_term_string\"}}],\"inLanguage\":\"ca\"}]}<\/script>\n<!-- \/ Yoast SEO plugin. -->","yoast_head_json":{"title":"Bio - Xavier Dols","robots":{"index":"index","follow":"follow","max-snippet":"max-snippet:-1","max-image-preview":"max-image-preview:large","max-video-preview":"max-video-preview:-1"},"canonical":"https:\/\/xavierdols.com\/ca\/bio\/","og_locale":"ca_ES","og_type":"article","og_title":"Bio - Xavier Dols","og_description":"[vc_row type=&#8221;boxed&#8221;][vc_column width=&#8221;5\/6&#8243; offset=&#8221;vc_col-sm-offset-1&#8243;][vc_empty_space height=&#8221;47px&#8221;][vc_column_text] Bio [\/vc_column_text][\/vc_column][\/vc_row][vc_row type=&#8221;boxed&#8221; max_width=&#8221;350&#8243;][vc_column][vc_empty_space height=&#8221;43px&#8221;][vc_empty_space height=&#8221;47px&#8221;][\/vc_column][\/vc_row][vc_row type=&#8221;boxed&#8221;][vc_column width=&#8221;5\/6&#8243; offset=&#8221;vc_col-sm-offset-1&#8243;][vc_column_text]Hola, s\u00f3c Xavier Dols, la meva traject\u00f2ria art\u00edstica va comen\u00e7ar a la meva infantesa, quan vaig descobrir que el m\u00f3n de les formes era un m\u00f3n de llenguatge universal, i que els volums permeten transmetre idees i emocions.[\/vc_column_text][\/vc_column][\/vc_row][vc_row][vc_column][vc_empty_space height=&#8221;60px&#8221;][\/vc_column][\/vc_row]","og_url":"https:\/\/xavierdols.com\/ca\/bio\/","og_site_name":"Xavier Dols","article_modified_time":"2018-11-22T12:22:08+00:00","twitter_card":"summary_large_image","twitter_misc":{"Temps estimat de lectura":"1 minut"},"schema":{"@context":"https:\/\/schema.org","@graph":[{"@type":"WebPage","@id":"https:\/\/xavierdols.com\/ca\/bio\/","url":"https:\/\/xavierdols.com\/ca\/bio\/","name":"Bio - Xavier Dols","isPartOf":{"@id":"https:\/\/xavierdols.com\/ca\/#website"},"datePublished":"2018-10-30T10:20:08+00:00","dateModified":"2018-11-22T12:22:08+00:00","breadcrumb":{"@id":"https:\/\/xavierdols.com\/ca\/bio\/#breadcrumb"},"inLanguage":"ca","potentialAction":[{"@type":"ReadAction","target":["https:\/\/xavierdols.com\/ca\/bio\/"]}]},{"@type":"BreadcrumbList","@id":"https:\/\/xavierdols.com\/ca\/bio\/#breadcrumb","itemListElement":[{"@type":"ListItem","position":1,"name":"Portada","item":"https:\/\/xavierdols.com\/ca\/"},{"@type":"ListItem","position":2,"name":"Bio"}]},{"@type":"WebSite","@id":"https:\/\/xavierdols.com\/ca\/#website","url":"https:\/\/xavierdols.com\/ca\/","name":"Xavier Dols","description":"Sculpture  STL Files  3D Printing","potentialAction":[{"@type":"SearchAction","target":{"@type":"EntryPoint","urlTemplate":"https:\/\/xavierdols.com\/ca\/?s={search_term_string}"},"query-input":{"@type":"PropertyValueSpecification","valueRequired":true,"valueName":"search_term_string"}}],"inLanguage":"ca"}]}},"_links":{"self":[{"href":"https:\/\/xavierdols.com\/ca\/wp-json\/wp\/v2\/pages\/1206","targetHints":{"allow":["GET"]}}],"collection":[{"href":"https:\/\/xavierdols.com\/ca\/wp-json\/wp\/v2\/pages"}],"about":[{"href":"https:\/\/xavierdols.com\/ca\/wp-json\/wp\/v2\/types\/page"}],"author":[{"embeddable":true,"href":"https:\/\/xavierdols.com\/ca\/wp-json\/wp\/v2\/users\/1"}],"replies":[{"embeddable":true,"href":"https:\/\/xavierdols.com\/ca\/wp-json\/wp\/v2\/comments?post=1206"}],"version-history":[{"count":8,"href":"https:\/\/xavierdols.com\/ca\/wp-json\/wp\/v2\/pages\/1206\/revisions"}],"predecessor-version":[{"id":1436,"href":"https:\/\/xavierdols.com\/ca\/wp-json\/wp\/v2\/pages\/1206\/revisions\/1436"}],"wp:attachment":[{"href":"https:\/\/xavierdols.com\/ca\/wp-json\/wp\/v2\/media?parent=1206"}],"curies":[{"name":"wp","href":"https:\/\/api.w.org\/{rel}","templated":true}]}}